{"id":1762,"date":"2012-09-17T14:50:09","date_gmt":"2012-09-17T14:50:09","guid":{"rendered":"http:\/\/www.darocca.com\/test\/?page_id=1762"},"modified":"2012-11-06T16:53:02","modified_gmt":"2012-11-06T16:53:02","slug":"kleiner-strahlautomat","status":"publish","type":"page","link":"https:\/\/www.darocca.com\/?page_id=1762","title":{"rendered":"Kleiner Strahlautomat"},"content":{"rendered":"<div class=\"one_half\">Mit dem kleinem Strahlautomat werden Objekte bis insgesamt 500 kg gestrahlt: Werkzeugteile, Maschinenteile, Maschinengeh\u00e4use, Kunststoffformteile, Gussteile, Formst\u00fccke, Bleche und vieles mehr.<\/p>\n<p>Er ist besonders f\u00fcr das Strahlen gr\u00f6\u00dferer Mengen eines gleichen Objekts geeignet. Die Produkte werden gleichzeitig in die Anlage gef\u00fchrt und dort automatisch gestrahlt.<\/p><\/div>\n<div class=\"one_half last\">\n<ul>\n<li><strong>Sandstrahlen<\/strong>: Zum Entrosten, Entlacken und Entschlacken von Stahlkonstruktionen, zur Aufrauung der Oberfl\u00e4che als Vorbereitung zum Lackieren.<\/li>\n<li><strong>Optimale Oberfl\u00e4chenbehandlung<\/strong> ist wichtig. Denn Sandstrahlen ist nicht gleich Strahlen. Je gr\u00fcndlicher die Sandstrahlarbeiten, desto besser h\u00e4lt der Oberfl\u00e4chenschutz.<\/li>\n<li><strong>Ideal<\/strong> zur Reinigung von Maschinen, Motoren, Beh\u00e4ltern, Formen und Anlagen.<\/li>\n<\/ul>\n<\/div>\n<div class=\"clearBoth\"><\/div>\n","protected":false},"excerpt":{"rendered":"","protected":false},"author":1,"featured_media":1891,"parent":0,"menu_order":0,"comment_status":"open","ping_status":"open","template":"template_fullwidth.php","meta":{"footnotes":""},"class_list":["post-1762","page","type-page","status-publish","has-post-thumbnail","hentry"],"jetpack_shortlink":"https:\/\/wp.me\/Pa0mlM-sq","jetpack_sharing_enabled":true,"_links":{"self":[{"href":"https:\/\/www.darocca.com\/index.php?rest_route=\/wp\/v2\/pages\/1762","targetHints":{"allow":["GET"]}}],"collection":[{"href":"https:\/\/www.darocca.com\/index.php?rest_route=\/wp\/v2\/pages"}],"about":[{"href":"https:\/\/www.darocca.com\/index.php?rest_route=\/wp\/v2\/types\/page"}],"author":[{"embeddable":true,"href":"https:\/\/www.darocca.com\/index.php?rest_route=\/wp\/v2\/users\/1"}],"replies":[{"embeddable":true,"href":"https:\/\/www.darocca.com\/index.php?rest_route=%2Fwp%2Fv2%2Fcomments&post=1762"}],"version-history":[{"count":6,"href":"https:\/\/www.darocca.com\/index.php?rest_route=\/wp\/v2\/pages\/1762\/revisions"}],"predecessor-version":[{"id":1873,"href":"https:\/\/www.darocca.com\/index.php?rest_route=\/wp\/v2\/pages\/1762\/revisions\/1873"}],"wp:featuredmedia":[{"embeddable":true,"href":"https:\/\/www.darocca.com\/index.php?rest_route=\/wp\/v2\/media\/1891"}],"wp:attachment":[{"href":"https:\/\/www.darocca.com\/index.php?rest_route=%2Fwp%2Fv2%2Fmedia&parent=1762"}],"curies":[{"name":"wp","href":"https:\/\/api.w.org\/{rel}","templated":true}]}}