{"id":1755,"date":"2012-09-17T14:47:37","date_gmt":"2012-09-17T14:47:37","guid":{"rendered":"http:\/\/www.darocca.com\/test\/?page_id=1755"},"modified":"2012-11-06T16:53:12","modified_gmt":"2012-11-06T16:53:12","slug":"mobile-strahltechnik","status":"publish","type":"page","link":"https:\/\/www.darocca.com\/?page_id=1755","title":{"rendered":"Mobile Strahltechnik"},"content":{"rendered":"<div class=\"one_half\">Mit unserer mobilen Strahltechnik am Bau k\u00f6nnen der Reinigungsgrad und die Reinigungsintensit\u00e4t individuell gew\u00e4hlt werden. So sind auch der Erhalt der nat\u00fcrlichen Patina und der originalen Oberfl\u00e4chenstruktur m\u00f6glich.<\/div>\n<div class=\"one_half last\">Typische Einsatzbereiche sind Weich- und Hartholzoberfl\u00e4chen, Naturstein-Mauerwerk, Putz, Weich- bis Hartbrand-Ziegel, Terrakotta, Keramik aller Art, Beton und Sichtbeton.<\/div>\n<div class=\"clearBoth\"><\/div>\n","protected":false},"excerpt":{"rendered":"","protected":false},"author":1,"featured_media":1492,"parent":0,"menu_order":0,"comment_status":"open","ping_status":"open","template":"template_fullwidth.php","meta":{"footnotes":""},"class_list":["post-1755","page","type-page","status-publish","has-post-thumbnail","hentry"],"jetpack_shortlink":"https:\/\/wp.me\/Pa0mlM-sj","jetpack_sharing_enabled":true,"_links":{"self":[{"href":"https:\/\/www.darocca.com\/index.php?rest_route=\/wp\/v2\/pages\/1755","targetHints":{"allow":["GET"]}}],"collection":[{"href":"https:\/\/www.darocca.com\/index.php?rest_route=\/wp\/v2\/pages"}],"about":[{"href":"https:\/\/www.darocca.com\/index.php?rest_route=\/wp\/v2\/types\/page"}],"author":[{"embeddable":true,"href":"https:\/\/www.darocca.com\/index.php?rest_route=\/wp\/v2\/users\/1"}],"replies":[{"embeddable":true,"href":"https:\/\/www.darocca.com\/index.php?rest_route=%2Fwp%2Fv2%2Fcomments&post=1755"}],"version-history":[{"count":14,"href":"https:\/\/www.darocca.com\/index.php?rest_route=\/wp\/v2\/pages\/1755\/revisions"}],"predecessor-version":[{"id":1817,"href":"https:\/\/www.darocca.com\/index.php?rest_route=\/wp\/v2\/pages\/1755\/revisions\/1817"}],"wp:featuredmedia":[{"embeddable":true,"href":"https:\/\/www.darocca.com\/index.php?rest_route=\/wp\/v2\/media\/1492"}],"wp:attachment":[{"href":"https:\/\/www.darocca.com\/index.php?rest_route=%2Fwp%2Fv2%2Fmedia&parent=1755"}],"curies":[{"name":"wp","href":"https:\/\/api.w.org\/{rel}","templated":true}]}}