{"id":1748,"date":"2012-09-17T14:45:57","date_gmt":"2012-09-17T14:45:57","guid":{"rendered":"http:\/\/www.darocca.com\/test\/?page_id=1748"},"modified":"2025-10-24T09:18:49","modified_gmt":"2025-10-24T09:18:49","slug":"grosraum-strahlkabine","status":"publish","type":"page","link":"https:\/\/www.darocca.com\/?page_id=1748","title":{"rendered":"Gro\u00dfraum-Strahlkabine"},"content":{"rendered":"<div class=\"one_half\">Unsere Gro\u00dfraum-Strahlkabine mit einer Gr\u00f6\u00dfe von 20 x 6 Metern und einer Raumh\u00f6he von 7 Metern l\u00e4sst keine W\u00fcnsche offen. Durch unseren 5-Tonnen-Hallenkran werden auch schwere Brocken zum Federgewicht.<\/div>\n<div class=\"one_half last\"><strong>Nutzfahrzeuglackierungen<\/strong><br \/>\nKurze Standzeiten sind ein wichtiger Faktor in vielen Branchen. Wir bieten die Kapazit\u00e4ten und personellen Voraussetzungen, um Ihren Auftrag in k\u00fcrzester Zeit abzuwickeln. In Gro\u00dfraum-Lackier- und Trockenkabinen k\u00f6nnen wir einen reibungslosen und termingerechten Ablauf gew\u00e4hrleisten.<\/div>\n<div class=\"clearBoth\"><\/div>\n","protected":false},"excerpt":{"rendered":"","protected":false},"author":1,"featured_media":1888,"parent":0,"menu_order":0,"comment_status":"open","ping_status":"open","template":"template_fullwidth.php","meta":{"footnotes":""},"class_list":["post-1748","page","type-page","status-publish","has-post-thumbnail","hentry"],"jetpack_shortlink":"https:\/\/wp.me\/Pa0mlM-sc","jetpack_sharing_enabled":true,"_links":{"self":[{"href":"https:\/\/www.darocca.com\/index.php?rest_route=\/wp\/v2\/pages\/1748","targetHints":{"allow":["GET"]}}],"collection":[{"href":"https:\/\/www.darocca.com\/index.php?rest_route=\/wp\/v2\/pages"}],"about":[{"href":"https:\/\/www.darocca.com\/index.php?rest_route=\/wp\/v2\/types\/page"}],"author":[{"embeddable":true,"href":"https:\/\/www.darocca.com\/index.php?rest_route=\/wp\/v2\/users\/1"}],"replies":[{"embeddable":true,"href":"https:\/\/www.darocca.com\/index.php?rest_route=%2Fwp%2Fv2%2Fcomments&post=1748"}],"version-history":[{"count":7,"href":"https:\/\/www.darocca.com\/index.php?rest_route=\/wp\/v2\/pages\/1748\/revisions"}],"predecessor-version":[{"id":2895,"href":"https:\/\/www.darocca.com\/index.php?rest_route=\/wp\/v2\/pages\/1748\/revisions\/2895"}],"wp:featuredmedia":[{"embeddable":true,"href":"https:\/\/www.darocca.com\/index.php?rest_route=\/wp\/v2\/media\/1888"}],"wp:attachment":[{"href":"https:\/\/www.darocca.com\/index.php?rest_route=%2Fwp%2Fv2%2Fmedia&parent=1748"}],"curies":[{"name":"wp","href":"https:\/\/api.w.org\/{rel}","templated":true}]}}