{"id":11,"date":"2012-07-15T09:54:06","date_gmt":"2012-07-15T09:54:06","guid":{"rendered":"http:\/\/demo.whoathemes.net\/sogood\/?page_id=11"},"modified":"2012-11-15T16:27:16","modified_gmt":"2012-11-15T16:27:16","slug":"shortcodes","status":"publish","type":"page","link":"https:\/\/www.darocca.com\/?page_id=11","title":{"rendered":"Sandstrahlwerk"},"content":{"rendered":"<p>Viele Firmen in den verschiedenen Nutzfahrzeugbranchen ziehen heute eine umfassende Instandsetzung des bestehenden Fahrzeugparks teuren Neuanschaffungen vor. Wir bieten erstklassiges Know-how rund um die Instandsetzung von Landmaschinen aller Art, LKWs, Bau- und Sondermaschinen.<br \/>\nEine Gro\u00dfraum-Strahlkabine bildet die Grundvoraussetzung f\u00fcr solche Vorhaben.<\/p>\n<p>Denn Sandstrahlen ist noch immer die beste Vorbehandlung f\u00fcr alle Beschichtungen auf Stahl.<\/p>\n<div class=\"one_fourth\">\n<h3><a title=\"Gro\u00dfraum-Strahlkabine\" href=\"\/?page_id=1748\">Gro\u00dfraum-Strahlkabine<\/a><\/h3>\n<p><a title=\"Gro\u00dfraum-Strahlkabine\" href=\"\/?page_id=1748\">Unsere Gro\u00dfraum-Strahlkabine mit einer Gr\u00f6\u00dfe von 20 x 6 Metern und einer Raumh\u00f6he von 7 Metern l\u00e4sst keine W\u00fcnsche offen. Durch unseren 5-Tonnen-Hallenkran werden auch schwere Brocken zum Federgewicht.<\/a><\/div>\n<div class=\"one_fourth\">\n<h3><a title=\"Vollautomatischer Strahlautomat\" href=\"\/?page_id=1758\">Vollautomatischer Strahlautomat<\/a><\/h3>\n<p><a title=\"Vollautomatischer Strahlautomat\" href=\"\/?page_id=1758\">Unser Vollautomatischer Strahlautomat ist perfekt geeignet, um mittelgro\u00dfe Teile zu strahlen. Einsetzbar f\u00fcr Industrie, Kfz-Handwerk, Restauration, Haus-, Hof- und Hobbybereich.<\/a><\/div>\n<div class=\"one_fourth\">\n<h3><a title=\"Mobile Strahltechnik\" href=\"\/?page_id=1755\">Mobile Strahltechnik<\/a><\/h3>\n<p><a title=\"Mobile Strahltechnik\" href=\"\/?page_id=1755\">Mit unserer mobilen Strahltechnik am Bau k\u00f6nnen der Reinigungsgrad und die Reinigungsintensit\u00e4t individuell gew\u00e4hlt werden. So sind auch der Erhalt der nat\u00fcrlichen Patina und der originalen Oberfl\u00e4chenstruktur m\u00f6glich.<\/a><\/div>\n<div class=\"one_fourth last\">\n<h3><a title=\"Kleiner Strahlautomat\" href=\"\/?page_id=1762\">Kleiner Strahlautomat<\/a><\/h3>\n<p><a title=\"Kleiner Strahlautomat\" href=\"\/?page_id=1762\">Unser kleiner Strahlautomat ist besonders f\u00fcr das Strahlen gr\u00f6\u00dferer Mengen eines gleichen Objekts geeignet. Die Produkte werden gleichzeitig in die Anlage gef\u00fchrt und dort automatisch gestrahlt.<\/a><\/div>\n<div class=\"clearBoth\"><\/div>\n","protected":false},"excerpt":{"rendered":"<p>Viele Firmen in den verschiedenen Nutzfahrzeugbranchen ziehen heute eine umfassende Instandsetzung des bestehenden Fahrzeugparks teuren Neuanschaffungen vor. Wir bieten erstklassiges Know-how rund um die Instandsetzung von Landmaschinen aller Art, LKWs, Bau- und Sondermaschinen. Eine Gro\u00dfraum-Strahlkabine bildet die Grundvoraussetzung f\u00fcr solche [&hellip;]<\/p>\n","protected":false},"author":1,"featured_media":1621,"parent":0,"menu_order":0,"comment_status":"open","ping_status":"open","template":"template_fullwidth.php","meta":{"footnotes":""},"class_list":["post-11","page","type-page","status-publish","has-post-thumbnail","hentry"],"jetpack_shortlink":"https:\/\/wp.me\/Pa0mlM-b","jetpack_sharing_enabled":true,"_links":{"self":[{"href":"https:\/\/www.darocca.com\/index.php?rest_route=\/wp\/v2\/pages\/11","targetHints":{"allow":["GET"]}}],"collection":[{"href":"https:\/\/www.darocca.com\/index.php?rest_route=\/wp\/v2\/pages"}],"about":[{"href":"https:\/\/www.darocca.com\/index.php?rest_route=\/wp\/v2\/types\/page"}],"author":[{"embeddable":true,"href":"https:\/\/www.darocca.com\/index.php?rest_route=\/wp\/v2\/users\/1"}],"replies":[{"embeddable":true,"href":"https:\/\/www.darocca.com\/index.php?rest_route=%2Fwp%2Fv2%2Fcomments&post=11"}],"version-history":[{"count":28,"href":"https:\/\/www.darocca.com\/index.php?rest_route=\/wp\/v2\/pages\/11\/revisions"}],"predecessor-version":[{"id":1555,"href":"https:\/\/www.darocca.com\/index.php?rest_route=\/wp\/v2\/pages\/11\/revisions\/1555"}],"wp:featuredmedia":[{"embeddable":true,"href":"https:\/\/www.darocca.com\/index.php?rest_route=\/wp\/v2\/media\/1621"}],"wp:attachment":[{"href":"https:\/\/www.darocca.com\/index.php?rest_route=%2Fwp%2Fv2%2Fmedia&parent=11"}],"curies":[{"name":"wp","href":"https:\/\/api.w.org\/{rel}","templated":true}]}}